{"id":670,"date":"2018-05-28T22:06:52","date_gmt":"2018-05-28T20:06:52","guid":{"rendered":"https:\/\/www.blaguss-fahrtendienst.at\/leistungen\/"},"modified":"2021-08-17T15:12:52","modified_gmt":"2021-08-17T13:12:52","slug":"poslovna-podrucja","status":"publish","type":"page","link":"https:\/\/blaguss-fahrtendienst.at\/hr\/poslovna-podrucja\/","title":{"rendered":"Poslovna podru\u010dja"},"content":{"rendered":"<p>Die Produktpalette von Blaguss und Blaguss Minibus Service ist vielf\u00e4ltig und deckt Kundenw\u00fcnsche unterschiedlichster Bed\u00fcrfnisse ab!Profitieren Sie bei Ihren Fahrten mit dem Blaguss Fahrtendienst von unserer modernen Fahrzeugflotte, dem bestens geschulten Personal sowie der hohen Blaguss Qualit\u00e4t!<\/p>\n","protected":false},"excerpt":{"rendered":"Die Produktpalette von Blaguss und Blaguss Minibus Service ist vielf\u00e4ltig und deckt Kundenw\u00fcnsche unterschiedlichster Bed\u00fcrfnisse ab!Profitieren Sie bei Ihren Fahrten mit dem Blaguss Fahrtendienst von unserer modernen Fahrzeugflotte, dem bestens geschulten Personal sowie der hohen Blaguss Qualit\u00e4t!","protected":false},"author":4,"featured_media":0,"parent":0,"menu_order":0,"comment_status":"closed","ping_status":"closed","template":"tpl-fullwidth.php","meta":{"_acf_changed":false,"footnotes":""},"class_list":["post-670","page","type-page","status-publish","hentry"],"acf":[],"yoast_head":"<!-- This site is optimized with the Yoast SEO plugin v27.4 - https:\/\/yoast.com\/product\/yoast-seo-wordpress\/ -->\n<title>Poslovna podru\u010dja | Blaguss-Minibus-Service<\/title>\n<meta name=\"robots\" content=\"index, follow, max-snippet:-1, max-image-preview:large, max-video-preview:-1\" \/>\n<link rel=\"canonical\" href=\"https:\/\/blaguss-fahrtendienst.at\/hr\/poslovna-podrucja\/\" \/>\n<meta property=\"og:locale\" content=\"hr_HR\" \/>\n<meta property=\"og:type\" content=\"article\" \/>\n<meta property=\"og:title\" content=\"Poslovna podru\u010dja | Blaguss-Minibus-Service\" \/>\n<meta property=\"og:description\" content=\"Die Produktpalette von Blaguss und Blaguss Minibus Service ist vielf\u00e4ltig und deckt Kundenw\u00fcnsche unterschiedlichster Bed\u00fcrfnisse ab!Profitieren Sie bei Ihren Fahrten mit dem Blaguss Fahrtendienst von unserer modernen Fahrzeugflotte, dem bestens geschulten Personal sowie der hohen Blaguss Qualit\u00e4t!\" \/>\n<meta property=\"og:url\" content=\"https:\/\/blaguss-fahrtendienst.at\/hr\/poslovna-podrucja\/\" \/>\n<meta property=\"og:site_name\" content=\"Blaguss-Minibus-Service\" \/>\n<meta property=\"article:publisher\" content=\"https:\/\/www.facebook.com\/BlagussGruppe\/\" \/>\n<meta property=\"article:modified_time\" content=\"2021-08-17T13:12:52+00:00\" \/>\n<meta name=\"twitter:card\" content=\"summary_large_image\" \/>\n<script type=\"application\/ld+json\" class=\"yoast-schema-graph\">{\"@context\":\"https:\\\/\\\/schema.org\",\"@graph\":[{\"@type\":\"WebPage\",\"@id\":\"https:\\\/\\\/blaguss-fahrtendienst.at\\\/hr\\\/poslovna-podrucja\\\/\",\"url\":\"https:\\\/\\\/blaguss-fahrtendienst.at\\\/hr\\\/poslovna-podrucja\\\/\",\"name\":\"Poslovna podru\u010dja | Blaguss-Minibus-Service\",\"isPartOf\":{\"@id\":\"https:\\\/\\\/blaguss-fahrtendienst.at\\\/#website\"},\"datePublished\":\"2018-05-28T20:06:52+00:00\",\"dateModified\":\"2021-08-17T13:12:52+00:00\",\"breadcrumb\":{\"@id\":\"https:\\\/\\\/blaguss-fahrtendienst.at\\\/hr\\\/poslovna-podrucja\\\/#breadcrumb\"},\"inLanguage\":\"hr-HR\",\"potentialAction\":[{\"@type\":\"ReadAction\",\"target\":[\"https:\\\/\\\/blaguss-fahrtendienst.at\\\/hr\\\/poslovna-podrucja\\\/\"]}]},{\"@type\":\"BreadcrumbList\",\"@id\":\"https:\\\/\\\/blaguss-fahrtendienst.at\\\/hr\\\/poslovna-podrucja\\\/#breadcrumb\",\"itemListElement\":[{\"@type\":\"ListItem\",\"position\":1,\"name\":\"Home\",\"item\":\"https:\\\/\\\/blaguss-fahrtendienst.at\\\/hr\\\/startseite\\\/\"},{\"@type\":\"ListItem\",\"position\":2,\"name\":\"Poslovna podru\u010dja\"}]},{\"@type\":\"WebSite\",\"@id\":\"https:\\\/\\\/blaguss-fahrtendienst.at\\\/#website\",\"url\":\"https:\\\/\\\/blaguss-fahrtendienst.at\\\/\",\"name\":\"Blaguss-Minibus-Service\",\"description\":\"Willkommen bei Blaguss-Minibus-Service GmbH - Ihrem Experten f\u00fcr barrierefreie Personenbef\u00f6rderung! \u2713 Laxenburgerstra\u00dfe 367 \\\/ Top 102, A-1230 Wien \u2713 Tel.: 43 (0)1 610 70-0 \u2713 E-Mail: fahrtendienst@blaguss.com\",\"publisher\":{\"@id\":\"https:\\\/\\\/blaguss-fahrtendienst.at\\\/#organization\"},\"potentialAction\":[{\"@type\":\"SearchAction\",\"target\":{\"@type\":\"EntryPoint\",\"urlTemplate\":\"https:\\\/\\\/blaguss-fahrtendienst.at\\\/?s={search_term_string}\"},\"query-input\":{\"@type\":\"PropertyValueSpecification\",\"valueRequired\":true,\"valueName\":\"search_term_string\"}}],\"inLanguage\":\"hr-HR\"},{\"@type\":\"Organization\",\"@id\":\"https:\\\/\\\/blaguss-fahrtendienst.at\\\/#organization\",\"name\":\"Blaguss Minibus Service\",\"url\":\"https:\\\/\\\/blaguss-fahrtendienst.at\\\/\",\"logo\":{\"@type\":\"ImageObject\",\"inLanguage\":\"hr-HR\",\"@id\":\"https:\\\/\\\/blaguss-fahrtendienst.at\\\/#\\\/schema\\\/logo\\\/image\\\/\",\"url\":\"https:\\\/\\\/blaguss-fahrtendienst-at.vm\\\/wp-content\\\/uploads\\\/2018\\\/05\\\/blaguss-minibus-service.png\",\"contentUrl\":\"https:\\\/\\\/blaguss-fahrtendienst-at.vm\\\/wp-content\\\/uploads\\\/2018\\\/05\\\/blaguss-minibus-service.png\",\"width\":281,\"height\":70,\"caption\":\"Blaguss Minibus Service\"},\"image\":{\"@id\":\"https:\\\/\\\/blaguss-fahrtendienst.at\\\/#\\\/schema\\\/logo\\\/image\\\/\"},\"sameAs\":[\"https:\\\/\\\/www.facebook.com\\\/BlagussGruppe\\\/\"]}]}<\/script>\n<!-- \/ Yoast SEO plugin. -->","yoast_head_json":{"title":"Poslovna podru\u010dja | Blaguss-Minibus-Service","robots":{"index":"index","follow":"follow","max-snippet":"max-snippet:-1","max-image-preview":"max-image-preview:large","max-video-preview":"max-video-preview:-1"},"canonical":"https:\/\/blaguss-fahrtendienst.at\/hr\/poslovna-podrucja\/","og_locale":"hr_HR","og_type":"article","og_title":"Poslovna podru\u010dja | Blaguss-Minibus-Service","og_description":"Die Produktpalette von Blaguss und Blaguss Minibus Service ist vielf\u00e4ltig und deckt Kundenw\u00fcnsche unterschiedlichster Bed\u00fcrfnisse ab!Profitieren Sie bei Ihren Fahrten mit dem Blaguss Fahrtendienst von unserer modernen Fahrzeugflotte, dem bestens geschulten Personal sowie der hohen Blaguss Qualit\u00e4t!","og_url":"https:\/\/blaguss-fahrtendienst.at\/hr\/poslovna-podrucja\/","og_site_name":"Blaguss-Minibus-Service","article_publisher":"https:\/\/www.facebook.com\/BlagussGruppe\/","article_modified_time":"2021-08-17T13:12:52+00:00","twitter_card":"summary_large_image","schema":{"@context":"https:\/\/schema.org","@graph":[{"@type":"WebPage","@id":"https:\/\/blaguss-fahrtendienst.at\/hr\/poslovna-podrucja\/","url":"https:\/\/blaguss-fahrtendienst.at\/hr\/poslovna-podrucja\/","name":"Poslovna podru\u010dja | Blaguss-Minibus-Service","isPartOf":{"@id":"https:\/\/blaguss-fahrtendienst.at\/#website"},"datePublished":"2018-05-28T20:06:52+00:00","dateModified":"2021-08-17T13:12:52+00:00","breadcrumb":{"@id":"https:\/\/blaguss-fahrtendienst.at\/hr\/poslovna-podrucja\/#breadcrumb"},"inLanguage":"hr-HR","potentialAction":[{"@type":"ReadAction","target":["https:\/\/blaguss-fahrtendienst.at\/hr\/poslovna-podrucja\/"]}]},{"@type":"BreadcrumbList","@id":"https:\/\/blaguss-fahrtendienst.at\/hr\/poslovna-podrucja\/#breadcrumb","itemListElement":[{"@type":"ListItem","position":1,"name":"Home","item":"https:\/\/blaguss-fahrtendienst.at\/hr\/startseite\/"},{"@type":"ListItem","position":2,"name":"Poslovna podru\u010dja"}]},{"@type":"WebSite","@id":"https:\/\/blaguss-fahrtendienst.at\/#website","url":"https:\/\/blaguss-fahrtendienst.at\/","name":"Blaguss-Minibus-Service","description":"Willkommen bei Blaguss-Minibus-Service GmbH - Ihrem Experten f\u00fcr barrierefreie Personenbef\u00f6rderung! \u2713 Laxenburgerstra\u00dfe 367 \/ Top 102, A-1230 Wien \u2713 Tel.: 43 (0)1 610 70-0 \u2713 E-Mail: fahrtendienst@blaguss.com","publisher":{"@id":"https:\/\/blaguss-fahrtendienst.at\/#organization"},"potentialAction":[{"@type":"SearchAction","target":{"@type":"EntryPoint","urlTemplate":"https:\/\/blaguss-fahrtendienst.at\/?s={search_term_string}"},"query-input":{"@type":"PropertyValueSpecification","valueRequired":true,"valueName":"search_term_string"}}],"inLanguage":"hr-HR"},{"@type":"Organization","@id":"https:\/\/blaguss-fahrtendienst.at\/#organization","name":"Blaguss Minibus Service","url":"https:\/\/blaguss-fahrtendienst.at\/","logo":{"@type":"ImageObject","inLanguage":"hr-HR","@id":"https:\/\/blaguss-fahrtendienst.at\/#\/schema\/logo\/image\/","url":"https:\/\/blaguss-fahrtendienst-at.vm\/wp-content\/uploads\/2018\/05\/blaguss-minibus-service.png","contentUrl":"https:\/\/blaguss-fahrtendienst-at.vm\/wp-content\/uploads\/2018\/05\/blaguss-minibus-service.png","width":281,"height":70,"caption":"Blaguss Minibus Service"},"image":{"@id":"https:\/\/blaguss-fahrtendienst.at\/#\/schema\/logo\/image\/"},"sameAs":["https:\/\/www.facebook.com\/BlagussGruppe\/"]}]}},"_links":{"self":[{"href":"https:\/\/blaguss-fahrtendienst.at\/hr\/wp-json\/wp\/v2\/pages\/670","targetHints":{"allow":["GET"]}}],"collection":[{"href":"https:\/\/blaguss-fahrtendienst.at\/hr\/wp-json\/wp\/v2\/pages"}],"about":[{"href":"https:\/\/blaguss-fahrtendienst.at\/hr\/wp-json\/wp\/v2\/types\/page"}],"author":[{"embeddable":true,"href":"https:\/\/blaguss-fahrtendienst.at\/hr\/wp-json\/wp\/v2\/users\/4"}],"replies":[{"embeddable":true,"href":"https:\/\/blaguss-fahrtendienst.at\/hr\/wp-json\/wp\/v2\/comments?post=670"}],"version-history":[{"count":0,"href":"https:\/\/blaguss-fahrtendienst.at\/hr\/wp-json\/wp\/v2\/pages\/670\/revisions"}],"wp:attachment":[{"href":"https:\/\/blaguss-fahrtendienst.at\/hr\/wp-json\/wp\/v2\/media?parent=670"}],"curies":[{"name":"wp","href":"https:\/\/api.w.org\/{rel}","templated":true}]}}