{"id":1897,"date":"2018-05-28T22:07:06","date_gmt":"2018-05-28T20:07:06","guid":{"rendered":"https:\/\/www.blaguss-fahrtendienst.at\/%d1%83%d1%81%d0%bb%d1%83%d0%b3%d0%b8\/ausflugsfahrten\/"},"modified":"2018-07-19T16:29:17","modified_gmt":"2018-07-19T14:29:17","slug":"%d1%8d%d0%ba%d1%81%d0%ba%d1%83%d1%80%d1%81%d0%b8%d0%be%d0%bd%d0%bd%d1%8b%d0%b5-%d0%bf%d0%be%d0%b5%d0%b7%d0%b4%d0%ba%d0%b8","status":"publish","type":"page","link":"https:\/\/blaguss-fahrtendienst.at\/ru\/%d1%83%d1%81%d0%bb%d1%83%d0%b3%d0%b8\/%d1%8d%d0%ba%d1%81%d0%ba%d1%83%d1%80%d1%81%d0%b8%d0%be%d0%bd%d0%bd%d1%8b%d0%b5-%d0%bf%d0%be%d0%b5%d0%b7%d0%b4%d0%ba%d0%b8\/","title":{"rendered":"\u042d\u043a\u0441\u043a\u0443\u0440\u0441\u0438\u043e\u043d\u043d\u044b\u0435 \u043f\u043e\u0435\u0437\u0434\u043a\u0438"},"content":{"rendered":"<h2>Sie m\u00f6chten einen Tagesausflug unternehmen oder einen Heurigenbesuch? In unseren Bussen finden bis zu 8 Personen Platz. F\u00fcr Kunden mit eingeschr\u00e4nkter Mobilit\u00e4t bieten wir spezielle Rollstuhlbusse. Hier k\u00f6nnen bis zu 4 Rollstuhlfahrer transportiert werden.<\/h2>\n<p>Wir bieten Ihnen einen professionellen Transport in modernst ausgestatteten Fahrzeugen. Vollautomatische Rollstuhllifte und zertifizierte Rollstuhl- und Insassenr\u00fcckhaltesysteme sorgen f\u00fcr eine angenehme und sichere Fahrt. Gerne beraten wir Sie auch bei der Auswahl des Zieles, z.B. barrierefreie Sehensw\u00fcrdigkeiten und Restaurants in und um Wien.<\/p>\n<p style=\"margin: 0px; color: #000000; font-family: Dosis, Helvetica, Arial, sans-serif; font-size: 19.2px; background-color: rgba(255, 255, 255, 0.7);\">\n","protected":false},"excerpt":{"rendered":"Sie m\u00f6chten einen Tagesausflug unternehmen oder einen Heurigenbesuch? In unseren Bussen finden bis zu 8 Personen Platz. F\u00fcr Kunden mit eingeschr\u00e4nkter Mobilit\u00e4t bieten wir spezielle Rollstuhlbusse. Hier k\u00f6nnen bis zu 4 Rollstuhlfahrer transportiert werden. Wir bieten Ihnen einen professionellen Transport in modernst ausgestatteten Fahrzeugen. Vollautomatische Rollstuhllifte und zertifizierte Rollstuhl- und Insassenr\u00fcckhaltesysteme sorgen f\u00fcr eine angenehme&#8230; <a class=\"view-article\" href=\"https:\/\/blaguss-fahrtendienst.at\/ru\/%d1%83%d1%81%d0%bb%d1%83%d0%b3%d0%b8\/%d1%8d%d0%ba%d1%81%d0%ba%d1%83%d1%80%d1%81%d0%b8%d0%be%d0%bd%d0%bd%d1%8b%d0%b5-%d0%bf%d0%be%d0%b5%d0%b7%d0%b4%d0%ba%d0%b8\/\">View Article<\/a>","protected":false},"author":4,"featured_media":0,"parent":1876,"menu_order":0,"comment_status":"closed","ping_status":"closed","template":"tpl-with-sidebar.php","meta":{"_acf_changed":false,"footnotes":""},"class_list":["post-1897","page","type-page","status-publish","hentry"],"acf":[],"yoast_head":"<!-- This site is optimized with the Yoast SEO plugin v27.4 - https:\/\/yoast.com\/product\/yoast-seo-wordpress\/ -->\n<title>\u042d\u043a\u0441\u043a\u0443\u0440\u0441\u0438\u043e\u043d\u043d\u044b\u0435 \u043f\u043e\u0435\u0437\u0434\u043a\u0438 | Blaguss-Minibus-Service<\/title>\n<meta name=\"robots\" content=\"index, follow, max-snippet:-1, max-image-preview:large, max-video-preview:-1\" \/>\n<link rel=\"canonical\" href=\"https:\/\/blaguss-fahrtendienst.at\/ru\/\u0443\u0441\u043b\u0443\u0433\u0438\/\u044d\u043a\u0441\u043a\u0443\u0440\u0441\u0438\u043e\u043d\u043d\u044b\u0435-\u043f\u043e\u0435\u0437\u0434\u043a\u0438\/\" \/>\n<meta property=\"og:locale\" content=\"ru_RU\" \/>\n<meta property=\"og:type\" content=\"article\" \/>\n<meta property=\"og:title\" content=\"\u042d\u043a\u0441\u043a\u0443\u0440\u0441\u0438\u043e\u043d\u043d\u044b\u0435 \u043f\u043e\u0435\u0437\u0434\u043a\u0438 | Blaguss-Minibus-Service\" \/>\n<meta property=\"og:description\" content=\"Sie m\u00f6chten einen Tagesausflug unternehmen oder einen Heurigenbesuch? In unseren Bussen finden bis zu 8 Personen Platz. F\u00fcr Kunden mit eingeschr\u00e4nkter Mobilit\u00e4t bieten wir spezielle Rollstuhlbusse. Hier k\u00f6nnen bis zu 4 Rollstuhlfahrer transportiert werden. Wir bieten Ihnen einen professionellen Transport in modernst ausgestatteten Fahrzeugen. Vollautomatische Rollstuhllifte und zertifizierte Rollstuhl- und Insassenr\u00fcckhaltesysteme sorgen f\u00fcr eine angenehme... View Article\" \/>\n<meta property=\"og:url\" content=\"https:\/\/blaguss-fahrtendienst.at\/ru\/\u0443\u0441\u043b\u0443\u0433\u0438\/\u044d\u043a\u0441\u043a\u0443\u0440\u0441\u0438\u043e\u043d\u043d\u044b\u0435-\u043f\u043e\u0435\u0437\u0434\u043a\u0438\/\" \/>\n<meta property=\"og:site_name\" content=\"Blaguss-Minibus-Service\" \/>\n<meta property=\"article:publisher\" content=\"https:\/\/www.facebook.com\/BlagussGruppe\/\" \/>\n<meta property=\"article:modified_time\" content=\"2018-07-19T14:29:17+00:00\" \/>\n<meta name=\"twitter:card\" content=\"summary_large_image\" \/>\n<script type=\"application\/ld+json\" class=\"yoast-schema-graph\">{\"@context\":\"https:\\\/\\\/schema.org\",\"@graph\":[{\"@type\":\"WebPage\",\"@id\":\"https:\\\/\\\/blaguss-fahrtendienst.at\\\/ru\\\/%d1%83%d1%81%d0%bb%d1%83%d0%b3%d0%b8\\\/%d1%8d%d0%ba%d1%81%d0%ba%d1%83%d1%80%d1%81%d0%b8%d0%be%d0%bd%d0%bd%d1%8b%d0%b5-%d0%bf%d0%be%d0%b5%d0%b7%d0%b4%d0%ba%d0%b8\\\/\",\"url\":\"https:\\\/\\\/blaguss-fahrtendienst.at\\\/ru\\\/%d1%83%d1%81%d0%bb%d1%83%d0%b3%d0%b8\\\/%d1%8d%d0%ba%d1%81%d0%ba%d1%83%d1%80%d1%81%d0%b8%d0%be%d0%bd%d0%bd%d1%8b%d0%b5-%d0%bf%d0%be%d0%b5%d0%b7%d0%b4%d0%ba%d0%b8\\\/\",\"name\":\"\u042d\u043a\u0441\u043a\u0443\u0440\u0441\u0438\u043e\u043d\u043d\u044b\u0435 \u043f\u043e\u0435\u0437\u0434\u043a\u0438 | Blaguss-Minibus-Service\",\"isPartOf\":{\"@id\":\"https:\\\/\\\/blaguss-fahrtendienst.at\\\/#website\"},\"datePublished\":\"2018-05-28T20:07:06+00:00\",\"dateModified\":\"2018-07-19T14:29:17+00:00\",\"breadcrumb\":{\"@id\":\"https:\\\/\\\/blaguss-fahrtendienst.at\\\/ru\\\/%d1%83%d1%81%d0%bb%d1%83%d0%b3%d0%b8\\\/%d1%8d%d0%ba%d1%81%d0%ba%d1%83%d1%80%d1%81%d0%b8%d0%be%d0%bd%d0%bd%d1%8b%d0%b5-%d0%bf%d0%be%d0%b5%d0%b7%d0%b4%d0%ba%d0%b8\\\/#breadcrumb\"},\"inLanguage\":\"ru-RU\",\"potentialAction\":[{\"@type\":\"ReadAction\",\"target\":[\"https:\\\/\\\/blaguss-fahrtendienst.at\\\/ru\\\/%d1%83%d1%81%d0%bb%d1%83%d0%b3%d0%b8\\\/%d1%8d%d0%ba%d1%81%d0%ba%d1%83%d1%80%d1%81%d0%b8%d0%be%d0%bd%d0%bd%d1%8b%d0%b5-%d0%bf%d0%be%d0%b5%d0%b7%d0%b4%d0%ba%d0%b8\\\/\"]}]},{\"@type\":\"BreadcrumbList\",\"@id\":\"https:\\\/\\\/blaguss-fahrtendienst.at\\\/ru\\\/%d1%83%d1%81%d0%bb%d1%83%d0%b3%d0%b8\\\/%d1%8d%d0%ba%d1%81%d0%ba%d1%83%d1%80%d1%81%d0%b8%d0%be%d0%bd%d0%bd%d1%8b%d0%b5-%d0%bf%d0%be%d0%b5%d0%b7%d0%b4%d0%ba%d0%b8\\\/#breadcrumb\",\"itemListElement\":[{\"@type\":\"ListItem\",\"position\":1,\"name\":\"Home\",\"item\":\"https:\\\/\\\/blaguss-fahrtendienst.at\\\/ru\\\/startseite\\\/\"},{\"@type\":\"ListItem\",\"position\":2,\"name\":\"\u0423\u0441\u043b\u0443\u0433\u0438\",\"item\":\"https:\\\/\\\/blaguss-fahrtendienst.at\\\/ru\\\/%d1%83%d1%81%d0%bb%d1%83%d0%b3%d0%b8\\\/\"},{\"@type\":\"ListItem\",\"position\":3,\"name\":\"\u042d\u043a\u0441\u043a\u0443\u0440\u0441\u0438\u043e\u043d\u043d\u044b\u0435 \u043f\u043e\u0435\u0437\u0434\u043a\u0438\"}]},{\"@type\":\"WebSite\",\"@id\":\"https:\\\/\\\/blaguss-fahrtendienst.at\\\/#website\",\"url\":\"https:\\\/\\\/blaguss-fahrtendienst.at\\\/\",\"name\":\"Blaguss-Minibus-Service\",\"description\":\"Willkommen bei Blaguss-Minibus-Service GmbH - Ihrem Experten f\u00fcr barrierefreie Personenbef\u00f6rderung! \u2713 Laxenburgerstra\u00dfe 367 \\\/ Top 102, A-1230 Wien \u2713 Tel.: 43 (0)1 610 70-0 \u2713 E-Mail: fahrtendienst@blaguss.com\",\"publisher\":{\"@id\":\"https:\\\/\\\/blaguss-fahrtendienst.at\\\/#organization\"},\"potentialAction\":[{\"@type\":\"SearchAction\",\"target\":{\"@type\":\"EntryPoint\",\"urlTemplate\":\"https:\\\/\\\/blaguss-fahrtendienst.at\\\/?s={search_term_string}\"},\"query-input\":{\"@type\":\"PropertyValueSpecification\",\"valueRequired\":true,\"valueName\":\"search_term_string\"}}],\"inLanguage\":\"ru-RU\"},{\"@type\":\"Organization\",\"@id\":\"https:\\\/\\\/blaguss-fahrtendienst.at\\\/#organization\",\"name\":\"Blaguss Minibus Service\",\"url\":\"https:\\\/\\\/blaguss-fahrtendienst.at\\\/\",\"logo\":{\"@type\":\"ImageObject\",\"inLanguage\":\"ru-RU\",\"@id\":\"https:\\\/\\\/blaguss-fahrtendienst.at\\\/#\\\/schema\\\/logo\\\/image\\\/\",\"url\":\"https:\\\/\\\/blaguss-fahrtendienst-at.vm\\\/wp-content\\\/uploads\\\/2018\\\/05\\\/blaguss-minibus-service.png\",\"contentUrl\":\"https:\\\/\\\/blaguss-fahrtendienst-at.vm\\\/wp-content\\\/uploads\\\/2018\\\/05\\\/blaguss-minibus-service.png\",\"width\":281,\"height\":70,\"caption\":\"Blaguss Minibus Service\"},\"image\":{\"@id\":\"https:\\\/\\\/blaguss-fahrtendienst.at\\\/#\\\/schema\\\/logo\\\/image\\\/\"},\"sameAs\":[\"https:\\\/\\\/www.facebook.com\\\/BlagussGruppe\\\/\"]}]}<\/script>\n<!-- \/ Yoast SEO plugin. -->","yoast_head_json":{"title":"\u042d\u043a\u0441\u043a\u0443\u0440\u0441\u0438\u043e\u043d\u043d\u044b\u0435 \u043f\u043e\u0435\u0437\u0434\u043a\u0438 | Blaguss-Minibus-Service","robots":{"index":"index","follow":"follow","max-snippet":"max-snippet:-1","max-image-preview":"max-image-preview:large","max-video-preview":"max-video-preview:-1"},"canonical":"https:\/\/blaguss-fahrtendienst.at\/ru\/\u0443\u0441\u043b\u0443\u0433\u0438\/\u044d\u043a\u0441\u043a\u0443\u0440\u0441\u0438\u043e\u043d\u043d\u044b\u0435-\u043f\u043e\u0435\u0437\u0434\u043a\u0438\/","og_locale":"ru_RU","og_type":"article","og_title":"\u042d\u043a\u0441\u043a\u0443\u0440\u0441\u0438\u043e\u043d\u043d\u044b\u0435 \u043f\u043e\u0435\u0437\u0434\u043a\u0438 | Blaguss-Minibus-Service","og_description":"Sie m\u00f6chten einen Tagesausflug unternehmen oder einen Heurigenbesuch? In unseren Bussen finden bis zu 8 Personen Platz. F\u00fcr Kunden mit eingeschr\u00e4nkter Mobilit\u00e4t bieten wir spezielle Rollstuhlbusse. Hier k\u00f6nnen bis zu 4 Rollstuhlfahrer transportiert werden. Wir bieten Ihnen einen professionellen Transport in modernst ausgestatteten Fahrzeugen. Vollautomatische Rollstuhllifte und zertifizierte Rollstuhl- und Insassenr\u00fcckhaltesysteme sorgen f\u00fcr eine angenehme... View Article","og_url":"https:\/\/blaguss-fahrtendienst.at\/ru\/\u0443\u0441\u043b\u0443\u0433\u0438\/\u044d\u043a\u0441\u043a\u0443\u0440\u0441\u0438\u043e\u043d\u043d\u044b\u0435-\u043f\u043e\u0435\u0437\u0434\u043a\u0438\/","og_site_name":"Blaguss-Minibus-Service","article_publisher":"https:\/\/www.facebook.com\/BlagussGruppe\/","article_modified_time":"2018-07-19T14:29:17+00:00","twitter_card":"summary_large_image","schema":{"@context":"https:\/\/schema.org","@graph":[{"@type":"WebPage","@id":"https:\/\/blaguss-fahrtendienst.at\/ru\/%d1%83%d1%81%d0%bb%d1%83%d0%b3%d0%b8\/%d1%8d%d0%ba%d1%81%d0%ba%d1%83%d1%80%d1%81%d0%b8%d0%be%d0%bd%d0%bd%d1%8b%d0%b5-%d0%bf%d0%be%d0%b5%d0%b7%d0%b4%d0%ba%d0%b8\/","url":"https:\/\/blaguss-fahrtendienst.at\/ru\/%d1%83%d1%81%d0%bb%d1%83%d0%b3%d0%b8\/%d1%8d%d0%ba%d1%81%d0%ba%d1%83%d1%80%d1%81%d0%b8%d0%be%d0%bd%d0%bd%d1%8b%d0%b5-%d0%bf%d0%be%d0%b5%d0%b7%d0%b4%d0%ba%d0%b8\/","name":"\u042d\u043a\u0441\u043a\u0443\u0440\u0441\u0438\u043e\u043d\u043d\u044b\u0435 \u043f\u043e\u0435\u0437\u0434\u043a\u0438 | Blaguss-Minibus-Service","isPartOf":{"@id":"https:\/\/blaguss-fahrtendienst.at\/#website"},"datePublished":"2018-05-28T20:07:06+00:00","dateModified":"2018-07-19T14:29:17+00:00","breadcrumb":{"@id":"https:\/\/blaguss-fahrtendienst.at\/ru\/%d1%83%d1%81%d0%bb%d1%83%d0%b3%d0%b8\/%d1%8d%d0%ba%d1%81%d0%ba%d1%83%d1%80%d1%81%d0%b8%d0%be%d0%bd%d0%bd%d1%8b%d0%b5-%d0%bf%d0%be%d0%b5%d0%b7%d0%b4%d0%ba%d0%b8\/#breadcrumb"},"inLanguage":"ru-RU","potentialAction":[{"@type":"ReadAction","target":["https:\/\/blaguss-fahrtendienst.at\/ru\/%d1%83%d1%81%d0%bb%d1%83%d0%b3%d0%b8\/%d1%8d%d0%ba%d1%81%d0%ba%d1%83%d1%80%d1%81%d0%b8%d0%be%d0%bd%d0%bd%d1%8b%d0%b5-%d0%bf%d0%be%d0%b5%d0%b7%d0%b4%d0%ba%d0%b8\/"]}]},{"@type":"BreadcrumbList","@id":"https:\/\/blaguss-fahrtendienst.at\/ru\/%d1%83%d1%81%d0%bb%d1%83%d0%b3%d0%b8\/%d1%8d%d0%ba%d1%81%d0%ba%d1%83%d1%80%d1%81%d0%b8%d0%be%d0%bd%d0%bd%d1%8b%d0%b5-%d0%bf%d0%be%d0%b5%d0%b7%d0%b4%d0%ba%d0%b8\/#breadcrumb","itemListElement":[{"@type":"ListItem","position":1,"name":"Home","item":"https:\/\/blaguss-fahrtendienst.at\/ru\/startseite\/"},{"@type":"ListItem","position":2,"name":"\u0423\u0441\u043b\u0443\u0433\u0438","item":"https:\/\/blaguss-fahrtendienst.at\/ru\/%d1%83%d1%81%d0%bb%d1%83%d0%b3%d0%b8\/"},{"@type":"ListItem","position":3,"name":"\u042d\u043a\u0441\u043a\u0443\u0440\u0441\u0438\u043e\u043d\u043d\u044b\u0435 \u043f\u043e\u0435\u0437\u0434\u043a\u0438"}]},{"@type":"WebSite","@id":"https:\/\/blaguss-fahrtendienst.at\/#website","url":"https:\/\/blaguss-fahrtendienst.at\/","name":"Blaguss-Minibus-Service","description":"Willkommen bei Blaguss-Minibus-Service GmbH - Ihrem Experten f\u00fcr barrierefreie Personenbef\u00f6rderung! \u2713 Laxenburgerstra\u00dfe 367 \/ Top 102, A-1230 Wien \u2713 Tel.: 43 (0)1 610 70-0 \u2713 E-Mail: fahrtendienst@blaguss.com","publisher":{"@id":"https:\/\/blaguss-fahrtendienst.at\/#organization"},"potentialAction":[{"@type":"SearchAction","target":{"@type":"EntryPoint","urlTemplate":"https:\/\/blaguss-fahrtendienst.at\/?s={search_term_string}"},"query-input":{"@type":"PropertyValueSpecification","valueRequired":true,"valueName":"search_term_string"}}],"inLanguage":"ru-RU"},{"@type":"Organization","@id":"https:\/\/blaguss-fahrtendienst.at\/#organization","name":"Blaguss Minibus Service","url":"https:\/\/blaguss-fahrtendienst.at\/","logo":{"@type":"ImageObject","inLanguage":"ru-RU","@id":"https:\/\/blaguss-fahrtendienst.at\/#\/schema\/logo\/image\/","url":"https:\/\/blaguss-fahrtendienst-at.vm\/wp-content\/uploads\/2018\/05\/blaguss-minibus-service.png","contentUrl":"https:\/\/blaguss-fahrtendienst-at.vm\/wp-content\/uploads\/2018\/05\/blaguss-minibus-service.png","width":281,"height":70,"caption":"Blaguss Minibus Service"},"image":{"@id":"https:\/\/blaguss-fahrtendienst.at\/#\/schema\/logo\/image\/"},"sameAs":["https:\/\/www.facebook.com\/BlagussGruppe\/"]}]}},"_links":{"self":[{"href":"https:\/\/blaguss-fahrtendienst.at\/ru\/wp-json\/wp\/v2\/pages\/1897","targetHints":{"allow":["GET"]}}],"collection":[{"href":"https:\/\/blaguss-fahrtendienst.at\/ru\/wp-json\/wp\/v2\/pages"}],"about":[{"href":"https:\/\/blaguss-fahrtendienst.at\/ru\/wp-json\/wp\/v2\/types\/page"}],"author":[{"embeddable":true,"href":"https:\/\/blaguss-fahrtendienst.at\/ru\/wp-json\/wp\/v2\/users\/4"}],"replies":[{"embeddable":true,"href":"https:\/\/blaguss-fahrtendienst.at\/ru\/wp-json\/wp\/v2\/comments?post=1897"}],"version-history":[{"count":0,"href":"https:\/\/blaguss-fahrtendienst.at\/ru\/wp-json\/wp\/v2\/pages\/1897\/revisions"}],"up":[{"embeddable":true,"href":"https:\/\/blaguss-fahrtendienst.at\/ru\/wp-json\/wp\/v2\/pages\/1876"}],"wp:attachment":[{"href":"https:\/\/blaguss-fahrtendienst.at\/ru\/wp-json\/wp\/v2\/media?parent=1897"}],"curies":[{"name":"wp","href":"https:\/\/api.w.org\/{rel}","templated":true}]}}