{"id":1918,"date":"2018-05-28T22:20:24","date_gmt":"2018-05-28T20:20:24","guid":{"rendered":"https:\/\/www.blaguss-fahrtendienst.at\/%d0%ba%d0%be%d0%bc%d0%bf%d0%b0%d0%bd%d0%b8%d1%8f\/impressum\/"},"modified":"2021-09-03T10:08:14","modified_gmt":"2021-09-03T08:08:14","slug":"%d0%b2%d1%8b%d1%85%d0%be%d0%b4%d0%bd%d1%8b%d0%b5-%d0%b4%d0%b0%d0%bd%d0%bd%d1%8b%d0%b5","status":"publish","type":"page","link":"https:\/\/blaguss-fahrtendienst.at\/ru\/%d0%ba%d0%be%d0%bc%d0%bf%d0%b0%d0%bd%d0%b8%d1%8f\/%d0%b2%d1%8b%d1%85%d0%be%d0%b4%d0%bd%d1%8b%d0%b5-%d0%b4%d0%b0%d0%bd%d0%bd%d1%8b%d0%b5\/","title":{"rendered":"\u0412\u044b\u0445\u043e\u0434\u043d\u044b\u0435 \u0434\u0430\u043d\u043d\u044b\u0435"},"content":{"rendered":"<p><strong>Blaguss-Minibus-Service GmbH<\/strong><br \/>\nRichard-Strauss-Stra\u00dfe 32, 1230 Wien<br \/>\nT: +43 (0)1 61070 &#8212; 0<br \/>\nF: +43 (0)1 61070 &#8212; 700<br \/>\nE-Mail:\u00a0<a style=\"font-size: 1em; color: #000000;\" href=\"mailto:fahrtendienst@blaguss.com\">fahrtendienst@blaguss.com<\/a><\/p>\n<p>Firmenbuchnummer: 183170v<br \/>\nUID: ATU\u00a047219200<\/p>\n<p>Gesch\u00e4ftsf\u00fchrung: Manfred Skoll, Prok. G\u00fcnter Schweinberger<\/p>\n<p>Firmenbuchgericht: Handelsgericht Wien<br \/>\nRechtsform: Gesellschaft mit beschr\u00e4nkter Haftung<br \/>\nGewerbeordnung:\u00a0<a style=\"font-size: 1em; color: #000000;\" href=\"http:\/\/www.ris.bka.gv.at\/\" target=\"_blank\" rel=\"noopener noreferrer\">www.ris.bka.gv.at<\/a><br \/>\nMitglied der Wirtschaftskammer Wien<br \/>\nBeh\u00f6rde gem. ECG: Magistratisches Bezirksamt des XXIII. Bezirkes<br \/>\nUnternehmensgegenstand: Mietwagengewerbe<br \/>\n<a style=\"font-size: 1em; color: #000000;\" href=\"http:\/\/firmen.wko.at\/Web\/DetailsInfos.aspx?FirmaID=85ccd0b4-6076-45fd-9140-ec4858d0ca33&amp;StandortID=0&amp;Suchbegriff=blaguss+minibus+service+&amp;Page=1\" target=\"_blank\" rel=\"noopener noreferrer\">Informationspflichten lt. WKOE E-Commerce-Gesetz (ECG)<\/a><\/p>\n<p>Hinweis zur Online-Streitbeilegung gem\u00e4\u00df Art. 14 Abs. 1 ODR-VO:\u00a0<a style=\"font-size: 1em; color: #000000;\" href=\"http:\/\/ec.europa.eu\/consumers\/odr\/\" target=\"_blank\" rel=\"noopener noreferrer\">http:\/\/ec.europa.eu\/consumers\/odr\/<\/a><\/p>\n<p>Wir m\u00f6chten ausdr\u00fccklich betonen, dass wir keinerlei Einfluss auf die Gestaltung und die Inhalte der gelinkten Seiten haben. Wir distanzieren wir uns hiermit ausdr\u00fccklich von allen Inhalten aller gelinkten Seiten auf dieser gesamten Website inklusive aller Unterseiten. Diese Erkl\u00e4rung gilt f\u00fcr alle auf unserer Homepage angebrachten Links und f\u00fcr deren Inhalte der Seiten, zu denen Links oder Banner f\u00fchren.<\/p>\n<p><strong>Verwendung von Remarketing-Funktionen<\/strong><br \/>\nSchaltung von interessensbezogener Werbung mit Hilfe von &#171;Remarketing&#187;.<br \/>\nDiese Website verwendet so genannte &#171;Retargeting-Tags&#187;. Als &#171;Remarketing-Tag&#187; wird ein JavaScript-Element bezeichnet, das im Quellcode der Website platziert wird. Besucht ein Nutzer eine Seite auf dieser Website, die ein &#171;Retargeting-Tag&#187; enth\u00e4lt, platziert ein Anbieter von Online Werbung (z.B. Google) ein Cookie auf dem Computer dieses Nutzers, und ordnet dieses entsprechenden Retargeting-Zielgruppenlisten hinzu. Dieses Cookie dient in weiterer Folge dazu, Retargeting-Kampagnen (&#171;Interessensbezogene Werbung&#187;) auf anderen Websites zu schalten. Studien haben ergeben, dass die Einblendung interessenbezogener Werbung f\u00fcr den Internet Nutzer interessanter ist als Werbung, die keinen direkten Bezug zu Interessen bzw. zuvor besuchten Websites hat.<\/p>\n<p><strong>Einstellungs- und Deaktivierungsm\u00f6glichkeiten<\/strong><br \/>\nDrittanbieter, einschlie\u00dflich Google, verwenden diese Cookies zum Schalten von Anzeigen auf Grundlage vorheriger Besuche eines Nutzers auf unserer Website. Dabei werden von diesen Werbepartnern keine pers\u00f6nlichen Informationen wie Namen, E-Mail Adressen, Postadressen oder Telefonnummern gesammelt. Nutzer unserer Website k\u00f6nnen die Verwendung von Cookies durch Google deaktivieren, indem sie die Seite &#171;Google Anzeigenvorgaben&#187; aufrufen. Weiters k\u00f6nnen Nutzer die Verwendung von Cookies durch Drittanbieter (z.B. AdRoll) deaktivieren, indem sie die Deaktivierungsseite der &#171;Network Advertising Initiative&#187; besuchen und dort die entsprechenden Einstellungen durchf\u00fchren.<\/p>\n<p><a style=\"font-size: 1em; color: #000000;\" href=\"http:\/\/www.google.com\/settings\/ads\/anonymous?hl=de&amp;sig=ACi0TCi8amNYNQcTkONrv9q25YJGcOWXZGaBWxUsLjT5wVXKBISH1Z3lGlPdjBAthkB33bwOTuKrhZSTTFkSnO-RgxJ3DeZq2i3vEHhe0S3AAtQfoSI8ocE\" target=\"_blank\" rel=\"noopener noreferrer\">Google Anzeigenvorgaben<\/a><br \/>\n<a style=\"font-size: 1em; color: #000000;\" href=\"http:\/\/www.networkadvertising.org\/choices\/\" target=\"_blank\" rel=\"noopener noreferrer\">Einstellungen und Abmeldem\u00f6glichkeiten der &#171;Network Advertising Initiative&#187;<\/a><\/p>\n<p>Programmierung &amp; Design: TOTALdeluxe<br \/>\nFotos: Blaguss Fotoarchiv, div. Bilddatenbanken (Fotolia, Shutterstock, iStock etc.)<\/p>\n<p>Irrt\u00fcmer, Satz-, Druck- und Rechtschreibfehler vorbehalten.<br \/>\nHaftungsbeschr\u00e4nkung f\u00fcr unsere Informationen auf dieser Homepage.<\/p>\n","protected":false},"excerpt":{"rendered":"Blaguss-Minibus-Service GmbH Richard-Strauss-Stra\u00dfe 32, 1230 Wien T: +43 (0)1 61070 &#8212; 0 F: +43 (0)1 61070 &#8212; 700 E-Mail:\u00a0fahrtendienst@blaguss.com Firmenbuchnummer: 183170v UID: ATU\u00a047219200 Gesch\u00e4ftsf\u00fchrung: Manfred Skoll, Prok. G\u00fcnter Schweinberger Firmenbuchgericht: Handelsgericht Wien Rechtsform: Gesellschaft mit beschr\u00e4nkter Haftung Gewerbeordnung:\u00a0www.ris.bka.gv.at Mitglied der Wirtschaftskammer Wien Beh\u00f6rde gem. ECG: Magistratisches Bezirksamt des XXIII. Bezirkes Unternehmensgegenstand: Mietwagengewerbe Informationspflichten lt. WKOE&#8230; <a class=\"view-article\" href=\"https:\/\/blaguss-fahrtendienst.at\/ru\/%d0%ba%d0%be%d0%bc%d0%bf%d0%b0%d0%bd%d0%b8%d1%8f\/%d0%b2%d1%8b%d1%85%d0%be%d0%b4%d0%bd%d1%8b%d0%b5-%d0%b4%d0%b0%d0%bd%d0%bd%d1%8b%d0%b5\/\">View Article<\/a>","protected":false},"author":4,"featured_media":0,"parent":1880,"menu_order":0,"comment_status":"closed","ping_status":"closed","template":"tpl-with-sidebar.php","meta":{"_acf_changed":false,"footnotes":""},"class_list":["post-1918","page","type-page","status-publish","hentry"],"acf":[],"yoast_head":"<!-- This site is optimized with the Yoast SEO plugin v27.4 - https:\/\/yoast.com\/product\/yoast-seo-wordpress\/ -->\n<title>\u0412\u044b\u0445\u043e\u0434\u043d\u044b\u0435 \u0434\u0430\u043d\u043d\u044b\u0435 | Blaguss-Minibus-Service<\/title>\n<meta name=\"robots\" content=\"index, follow, max-snippet:-1, max-image-preview:large, max-video-preview:-1\" \/>\n<link rel=\"canonical\" href=\"https:\/\/blaguss-fahrtendienst.at\/ru\/\u043a\u043e\u043c\u043f\u0430\u043d\u0438\u044f\/\u0432\u044b\u0445\u043e\u0434\u043d\u044b\u0435-\u0434\u0430\u043d\u043d\u044b\u0435\/\" \/>\n<meta property=\"og:locale\" content=\"ru_RU\" \/>\n<meta property=\"og:type\" content=\"article\" \/>\n<meta property=\"og:title\" content=\"\u0412\u044b\u0445\u043e\u0434\u043d\u044b\u0435 \u0434\u0430\u043d\u043d\u044b\u0435 | Blaguss-Minibus-Service\" \/>\n<meta property=\"og:description\" content=\"Blaguss-Minibus-Service GmbH Richard-Strauss-Stra\u00dfe 32, 1230 Wien T: +43 (0)1 61070 &#8212; 0 F: +43 (0)1 61070 &#8212; 700 E-Mail:\u00a0fahrtendienst@blaguss.com Firmenbuchnummer: 183170v UID: ATU\u00a047219200 Gesch\u00e4ftsf\u00fchrung: Manfred Skoll, Prok. G\u00fcnter Schweinberger Firmenbuchgericht: Handelsgericht Wien Rechtsform: Gesellschaft mit beschr\u00e4nkter Haftung Gewerbeordnung:\u00a0www.ris.bka.gv.at Mitglied der Wirtschaftskammer Wien Beh\u00f6rde gem. ECG: Magistratisches Bezirksamt des XXIII. Bezirkes Unternehmensgegenstand: Mietwagengewerbe Informationspflichten lt. WKOE... View Article\" \/>\n<meta property=\"og:url\" content=\"https:\/\/blaguss-fahrtendienst.at\/ru\/\u043a\u043e\u043c\u043f\u0430\u043d\u0438\u044f\/\u0432\u044b\u0445\u043e\u0434\u043d\u044b\u0435-\u0434\u0430\u043d\u043d\u044b\u0435\/\" \/>\n<meta property=\"og:site_name\" content=\"Blaguss-Minibus-Service\" \/>\n<meta property=\"article:publisher\" content=\"https:\/\/www.facebook.com\/BlagussGruppe\/\" \/>\n<meta property=\"article:modified_time\" content=\"2021-09-03T08:08:14+00:00\" \/>\n<meta name=\"twitter:card\" content=\"summary_large_image\" \/>\n<meta name=\"twitter:label1\" content=\"\u041f\u0440\u0438\u043c\u0435\u0440\u043d\u043e\u0435 \u0432\u0440\u0435\u043c\u044f \u0434\u043b\u044f \u0447\u0442\u0435\u043d\u0438\u044f\" \/>\n\t<meta name=\"twitter:data1\" content=\"2 \u043c\u0438\u043d\u0443\u0442\u044b\" \/>\n<script type=\"application\/ld+json\" class=\"yoast-schema-graph\">{\"@context\":\"https:\\\/\\\/schema.org\",\"@graph\":[{\"@type\":\"WebPage\",\"@id\":\"https:\\\/\\\/blaguss-fahrtendienst.at\\\/ru\\\/%d0%ba%d0%be%d0%bc%d0%bf%d0%b0%d0%bd%d0%b8%d1%8f\\\/%d0%b2%d1%8b%d1%85%d0%be%d0%b4%d0%bd%d1%8b%d0%b5-%d0%b4%d0%b0%d0%bd%d0%bd%d1%8b%d0%b5\\\/\",\"url\":\"https:\\\/\\\/blaguss-fahrtendienst.at\\\/ru\\\/%d0%ba%d0%be%d0%bc%d0%bf%d0%b0%d0%bd%d0%b8%d1%8f\\\/%d0%b2%d1%8b%d1%85%d0%be%d0%b4%d0%bd%d1%8b%d0%b5-%d0%b4%d0%b0%d0%bd%d0%bd%d1%8b%d0%b5\\\/\",\"name\":\"\u0412\u044b\u0445\u043e\u0434\u043d\u044b\u0435 \u0434\u0430\u043d\u043d\u044b\u0435 | Blaguss-Minibus-Service\",\"isPartOf\":{\"@id\":\"https:\\\/\\\/blaguss-fahrtendienst.at\\\/#website\"},\"datePublished\":\"2018-05-28T20:20:24+00:00\",\"dateModified\":\"2021-09-03T08:08:14+00:00\",\"breadcrumb\":{\"@id\":\"https:\\\/\\\/blaguss-fahrtendienst.at\\\/ru\\\/%d0%ba%d0%be%d0%bc%d0%bf%d0%b0%d0%bd%d0%b8%d1%8f\\\/%d0%b2%d1%8b%d1%85%d0%be%d0%b4%d0%bd%d1%8b%d0%b5-%d0%b4%d0%b0%d0%bd%d0%bd%d1%8b%d0%b5\\\/#breadcrumb\"},\"inLanguage\":\"ru-RU\",\"potentialAction\":[{\"@type\":\"ReadAction\",\"target\":[\"https:\\\/\\\/blaguss-fahrtendienst.at\\\/ru\\\/%d0%ba%d0%be%d0%bc%d0%bf%d0%b0%d0%bd%d0%b8%d1%8f\\\/%d0%b2%d1%8b%d1%85%d0%be%d0%b4%d0%bd%d1%8b%d0%b5-%d0%b4%d0%b0%d0%bd%d0%bd%d1%8b%d0%b5\\\/\"]}]},{\"@type\":\"BreadcrumbList\",\"@id\":\"https:\\\/\\\/blaguss-fahrtendienst.at\\\/ru\\\/%d0%ba%d0%be%d0%bc%d0%bf%d0%b0%d0%bd%d0%b8%d1%8f\\\/%d0%b2%d1%8b%d1%85%d0%be%d0%b4%d0%bd%d1%8b%d0%b5-%d0%b4%d0%b0%d0%bd%d0%bd%d1%8b%d0%b5\\\/#breadcrumb\",\"itemListElement\":[{\"@type\":\"ListItem\",\"position\":1,\"name\":\"Home\",\"item\":\"https:\\\/\\\/blaguss-fahrtendienst.at\\\/ru\\\/startseite\\\/\"},{\"@type\":\"ListItem\",\"position\":2,\"name\":\"\u041a\u043e\u043c\u043f\u0430\u043d\u0438\u044f\",\"item\":\"https:\\\/\\\/blaguss-fahrtendienst.at\\\/ru\\\/%d0%ba%d0%be%d0%bc%d0%bf%d0%b0%d0%bd%d0%b8%d1%8f\\\/\"},{\"@type\":\"ListItem\",\"position\":3,\"name\":\"\u0412\u044b\u0445\u043e\u0434\u043d\u044b\u0435 \u0434\u0430\u043d\u043d\u044b\u0435\"}]},{\"@type\":\"WebSite\",\"@id\":\"https:\\\/\\\/blaguss-fahrtendienst.at\\\/#website\",\"url\":\"https:\\\/\\\/blaguss-fahrtendienst.at\\\/\",\"name\":\"Blaguss-Minibus-Service\",\"description\":\"Willkommen bei Blaguss-Minibus-Service GmbH - Ihrem Experten f\u00fcr barrierefreie Personenbef\u00f6rderung! \u2713 Laxenburgerstra\u00dfe 367 \\\/ Top 102, A-1230 Wien \u2713 Tel.: 43 (0)1 610 70-0 \u2713 E-Mail: fahrtendienst@blaguss.com\",\"publisher\":{\"@id\":\"https:\\\/\\\/blaguss-fahrtendienst.at\\\/#organization\"},\"potentialAction\":[{\"@type\":\"SearchAction\",\"target\":{\"@type\":\"EntryPoint\",\"urlTemplate\":\"https:\\\/\\\/blaguss-fahrtendienst.at\\\/?s={search_term_string}\"},\"query-input\":{\"@type\":\"PropertyValueSpecification\",\"valueRequired\":true,\"valueName\":\"search_term_string\"}}],\"inLanguage\":\"ru-RU\"},{\"@type\":\"Organization\",\"@id\":\"https:\\\/\\\/blaguss-fahrtendienst.at\\\/#organization\",\"name\":\"Blaguss Minibus Service\",\"url\":\"https:\\\/\\\/blaguss-fahrtendienst.at\\\/\",\"logo\":{\"@type\":\"ImageObject\",\"inLanguage\":\"ru-RU\",\"@id\":\"https:\\\/\\\/blaguss-fahrtendienst.at\\\/#\\\/schema\\\/logo\\\/image\\\/\",\"url\":\"https:\\\/\\\/blaguss-fahrtendienst-at.vm\\\/wp-content\\\/uploads\\\/2018\\\/05\\\/blaguss-minibus-service.png\",\"contentUrl\":\"https:\\\/\\\/blaguss-fahrtendienst-at.vm\\\/wp-content\\\/uploads\\\/2018\\\/05\\\/blaguss-minibus-service.png\",\"width\":281,\"height\":70,\"caption\":\"Blaguss Minibus Service\"},\"image\":{\"@id\":\"https:\\\/\\\/blaguss-fahrtendienst.at\\\/#\\\/schema\\\/logo\\\/image\\\/\"},\"sameAs\":[\"https:\\\/\\\/www.facebook.com\\\/BlagussGruppe\\\/\"]}]}<\/script>\n<!-- \/ Yoast SEO plugin. -->","yoast_head_json":{"title":"\u0412\u044b\u0445\u043e\u0434\u043d\u044b\u0435 \u0434\u0430\u043d\u043d\u044b\u0435 | Blaguss-Minibus-Service","robots":{"index":"index","follow":"follow","max-snippet":"max-snippet:-1","max-image-preview":"max-image-preview:large","max-video-preview":"max-video-preview:-1"},"canonical":"https:\/\/blaguss-fahrtendienst.at\/ru\/\u043a\u043e\u043c\u043f\u0430\u043d\u0438\u044f\/\u0432\u044b\u0445\u043e\u0434\u043d\u044b\u0435-\u0434\u0430\u043d\u043d\u044b\u0435\/","og_locale":"ru_RU","og_type":"article","og_title":"\u0412\u044b\u0445\u043e\u0434\u043d\u044b\u0435 \u0434\u0430\u043d\u043d\u044b\u0435 | Blaguss-Minibus-Service","og_description":"Blaguss-Minibus-Service GmbH Richard-Strauss-Stra\u00dfe 32, 1230 Wien T: +43 (0)1 61070 &#8212; 0 F: +43 (0)1 61070 &#8212; 700 E-Mail:\u00a0fahrtendienst@blaguss.com Firmenbuchnummer: 183170v UID: ATU\u00a047219200 Gesch\u00e4ftsf\u00fchrung: Manfred Skoll, Prok. G\u00fcnter Schweinberger Firmenbuchgericht: Handelsgericht Wien Rechtsform: Gesellschaft mit beschr\u00e4nkter Haftung Gewerbeordnung:\u00a0www.ris.bka.gv.at Mitglied der Wirtschaftskammer Wien Beh\u00f6rde gem. ECG: Magistratisches Bezirksamt des XXIII. Bezirkes Unternehmensgegenstand: Mietwagengewerbe Informationspflichten lt. WKOE... View Article","og_url":"https:\/\/blaguss-fahrtendienst.at\/ru\/\u043a\u043e\u043c\u043f\u0430\u043d\u0438\u044f\/\u0432\u044b\u0445\u043e\u0434\u043d\u044b\u0435-\u0434\u0430\u043d\u043d\u044b\u0435\/","og_site_name":"Blaguss-Minibus-Service","article_publisher":"https:\/\/www.facebook.com\/BlagussGruppe\/","article_modified_time":"2021-09-03T08:08:14+00:00","twitter_card":"summary_large_image","twitter_misc":{"\u041f\u0440\u0438\u043c\u0435\u0440\u043d\u043e\u0435 \u0432\u0440\u0435\u043c\u044f \u0434\u043b\u044f \u0447\u0442\u0435\u043d\u0438\u044f":"2 \u043c\u0438\u043d\u0443\u0442\u044b"},"schema":{"@context":"https:\/\/schema.org","@graph":[{"@type":"WebPage","@id":"https:\/\/blaguss-fahrtendienst.at\/ru\/%d0%ba%d0%be%d0%bc%d0%bf%d0%b0%d0%bd%d0%b8%d1%8f\/%d0%b2%d1%8b%d1%85%d0%be%d0%b4%d0%bd%d1%8b%d0%b5-%d0%b4%d0%b0%d0%bd%d0%bd%d1%8b%d0%b5\/","url":"https:\/\/blaguss-fahrtendienst.at\/ru\/%d0%ba%d0%be%d0%bc%d0%bf%d0%b0%d0%bd%d0%b8%d1%8f\/%d0%b2%d1%8b%d1%85%d0%be%d0%b4%d0%bd%d1%8b%d0%b5-%d0%b4%d0%b0%d0%bd%d0%bd%d1%8b%d0%b5\/","name":"\u0412\u044b\u0445\u043e\u0434\u043d\u044b\u0435 \u0434\u0430\u043d\u043d\u044b\u0435 | Blaguss-Minibus-Service","isPartOf":{"@id":"https:\/\/blaguss-fahrtendienst.at\/#website"},"datePublished":"2018-05-28T20:20:24+00:00","dateModified":"2021-09-03T08:08:14+00:00","breadcrumb":{"@id":"https:\/\/blaguss-fahrtendienst.at\/ru\/%d0%ba%d0%be%d0%bc%d0%bf%d0%b0%d0%bd%d0%b8%d1%8f\/%d0%b2%d1%8b%d1%85%d0%be%d0%b4%d0%bd%d1%8b%d0%b5-%d0%b4%d0%b0%d0%bd%d0%bd%d1%8b%d0%b5\/#breadcrumb"},"inLanguage":"ru-RU","potentialAction":[{"@type":"ReadAction","target":["https:\/\/blaguss-fahrtendienst.at\/ru\/%d0%ba%d0%be%d0%bc%d0%bf%d0%b0%d0%bd%d0%b8%d1%8f\/%d0%b2%d1%8b%d1%85%d0%be%d0%b4%d0%bd%d1%8b%d0%b5-%d0%b4%d0%b0%d0%bd%d0%bd%d1%8b%d0%b5\/"]}]},{"@type":"BreadcrumbList","@id":"https:\/\/blaguss-fahrtendienst.at\/ru\/%d0%ba%d0%be%d0%bc%d0%bf%d0%b0%d0%bd%d0%b8%d1%8f\/%d0%b2%d1%8b%d1%85%d0%be%d0%b4%d0%bd%d1%8b%d0%b5-%d0%b4%d0%b0%d0%bd%d0%bd%d1%8b%d0%b5\/#breadcrumb","itemListElement":[{"@type":"ListItem","position":1,"name":"Home","item":"https:\/\/blaguss-fahrtendienst.at\/ru\/startseite\/"},{"@type":"ListItem","position":2,"name":"\u041a\u043e\u043c\u043f\u0430\u043d\u0438\u044f","item":"https:\/\/blaguss-fahrtendienst.at\/ru\/%d0%ba%d0%be%d0%bc%d0%bf%d0%b0%d0%bd%d0%b8%d1%8f\/"},{"@type":"ListItem","position":3,"name":"\u0412\u044b\u0445\u043e\u0434\u043d\u044b\u0435 \u0434\u0430\u043d\u043d\u044b\u0435"}]},{"@type":"WebSite","@id":"https:\/\/blaguss-fahrtendienst.at\/#website","url":"https:\/\/blaguss-fahrtendienst.at\/","name":"Blaguss-Minibus-Service","description":"Willkommen bei Blaguss-Minibus-Service GmbH - Ihrem Experten f\u00fcr barrierefreie Personenbef\u00f6rderung! \u2713 Laxenburgerstra\u00dfe 367 \/ Top 102, A-1230 Wien \u2713 Tel.: 43 (0)1 610 70-0 \u2713 E-Mail: fahrtendienst@blaguss.com","publisher":{"@id":"https:\/\/blaguss-fahrtendienst.at\/#organization"},"potentialAction":[{"@type":"SearchAction","target":{"@type":"EntryPoint","urlTemplate":"https:\/\/blaguss-fahrtendienst.at\/?s={search_term_string}"},"query-input":{"@type":"PropertyValueSpecification","valueRequired":true,"valueName":"search_term_string"}}],"inLanguage":"ru-RU"},{"@type":"Organization","@id":"https:\/\/blaguss-fahrtendienst.at\/#organization","name":"Blaguss Minibus Service","url":"https:\/\/blaguss-fahrtendienst.at\/","logo":{"@type":"ImageObject","inLanguage":"ru-RU","@id":"https:\/\/blaguss-fahrtendienst.at\/#\/schema\/logo\/image\/","url":"https:\/\/blaguss-fahrtendienst-at.vm\/wp-content\/uploads\/2018\/05\/blaguss-minibus-service.png","contentUrl":"https:\/\/blaguss-fahrtendienst-at.vm\/wp-content\/uploads\/2018\/05\/blaguss-minibus-service.png","width":281,"height":70,"caption":"Blaguss Minibus Service"},"image":{"@id":"https:\/\/blaguss-fahrtendienst.at\/#\/schema\/logo\/image\/"},"sameAs":["https:\/\/www.facebook.com\/BlagussGruppe\/"]}]}},"_links":{"self":[{"href":"https:\/\/blaguss-fahrtendienst.at\/ru\/wp-json\/wp\/v2\/pages\/1918","targetHints":{"allow":["GET"]}}],"collection":[{"href":"https:\/\/blaguss-fahrtendienst.at\/ru\/wp-json\/wp\/v2\/pages"}],"about":[{"href":"https:\/\/blaguss-fahrtendienst.at\/ru\/wp-json\/wp\/v2\/types\/page"}],"author":[{"embeddable":true,"href":"https:\/\/blaguss-fahrtendienst.at\/ru\/wp-json\/wp\/v2\/users\/4"}],"replies":[{"embeddable":true,"href":"https:\/\/blaguss-fahrtendienst.at\/ru\/wp-json\/wp\/v2\/comments?post=1918"}],"version-history":[{"count":0,"href":"https:\/\/blaguss-fahrtendienst.at\/ru\/wp-json\/wp\/v2\/pages\/1918\/revisions"}],"up":[{"embeddable":true,"href":"https:\/\/blaguss-fahrtendienst.at\/ru\/wp-json\/wp\/v2\/pages\/1880"}],"wp:attachment":[{"href":"https:\/\/blaguss-fahrtendienst.at\/ru\/wp-json\/wp\/v2\/media?parent=1918"}],"curies":[{"name":"wp","href":"https:\/\/api.w.org\/{rel}","templated":true}]}}