{"id":773,"date":"2018-05-28T22:20:04","date_gmt":"2018-05-28T20:20:04","guid":{"rendered":"https:\/\/www.blaguss-fahrtendienst.at\/unternehmen\/agb-2\/"},"modified":"2018-07-19T08:51:55","modified_gmt":"2018-07-19T06:51:55","slug":"genel-calisma-kosullari","status":"publish","type":"page","link":"https:\/\/blaguss-fahrtendienst.at\/tr\/sirket\/genel-calisma-kosullari\/","title":{"rendered":"Genel \u00c7al\u0131\u015fma Ko\u015fullar\u0131"},"content":{"rendered":"<p>Allgemeine Gesch\u00e4fts- und Bef\u00f6rderungsbedingungen<br \/>\nder Blaguss-Minibus-Service GmbH<\/p>\n<div class=\"panel-pane pane-entity-field pane-node-body\" style=\"font-size: 19.2px; font-weight: 400;\">\n<div class=\"field field-name-body field-type-text-with-summary field-label-hidden\">\n<div class=\"field-items\">\n<div class=\"field-item even\">\n<ol style=\"margin: 1.5em 0px; padding: 0px 0px 0px 30px;\">\n<li>Diese Allgemeinen Gesch\u00e4fts- und Bef\u00f6rderungsbedingungen betreffen Fahrten und Bef\u00f6rderungen von Personen mit Bussen der Blaguss-Minibus-Service GmbH.<\/li>\n<li>Die Preisvereinbarungen beziehen sich nur auf die festgehaltene Fahrtstrecke und die angegebene Fahrtdauer. \u00dcbersteigt die tats\u00e4chlich gefahrene Strecke \u2013 aus Gr\u00fcnden, die im Bereich des Bestellers oder der Fahrg\u00e4ste liegen, bzw. wenn es die Sicherheit erfordert oder verkehrsbedingte Erfordernisse vorliegen \u2013 so werden die entsprechenden Mehrkilometer nachverrechnet.Bei \u00dcberschreiten der vereinbarten Fahrtdauer werden pro begonnener Stunde zus\u00e4tzlich bis zu 50 Euro verrechnet.<\/li>\n<li>Blaguss-Minibus-Service haftet f\u00fcr die rechtzeitige Stellung der schriftlich bestellten fahrbereiten Wagen, soweit nicht Umst\u00e4nde vorliegen, welche von Blaguss-Minibus-Service trotz aller zumutbaren Ma\u00dfnahmen nicht abzuwenden waren. Blaguss-Minibus-Service haftet nicht f\u00fcr Anspr\u00fcche von Fahrg\u00e4sten, die sich bei Zwischenaufenthalten nicht rechtzeitig zu der vom Fahrer oder Reiseleiter bekanntgegebenen Abfahrtszeit einfinden. Blaguss-Minibus-Service haftet auch nicht f\u00fcr Anspr\u00fcche von Fahrg\u00e4sten, welche zur\u00fcckgelassen werden m\u00fcssen, weil sie die erforderlichen Personaldokumente (g\u00fcltiger Reisepass, Visa, etc.) nicht bei sich f\u00fchren. Ebenso besteht keine Haftung f\u00fcr versp\u00e4tetes Eintreffen im Zwischenaufenthaltsort oder am Zielort.<\/li>\n<li>Das Fahrzeug darf maximal mit der kommissionierten Anzahl von Fahrg\u00e4sten besetzt werden.<\/li>\n<li>\n<p style=\"margin: 0px 0px 1.5em;\">Jeder Reisende darf auf eigene Gefahr Gegenst\u00e4nde, die er m\u00fchelos im Bereich des eigenen Platzes und ohne Bel\u00e4stigung der Mitreisenden unterbringen kann, kostenlos mitnehmen und bei sich behalten (Handgep\u00e4ck).<br \/>\nReisegep\u00e4ck muss derart verpackt und verschlossen sein, dass der Inhalt gegen Verlust, Minderung oder Besch\u00e4digungen gesch\u00fctzt ist und der Reisende muss das Reisegep\u00e4ck so beaufsichtigen, dass Sicherheit und Ordnung des Betriebs nicht gef\u00e4hrdet sind und andere Reisende nicht bel\u00e4stigt werden. Auf den Gep\u00e4cksst\u00fccken m\u00fcssen Name und Anschrift des Besitzers angegeben sein. Gef\u00e4hrliche, sperrige oder sonstige ungew\u00f6hnliche Gep\u00e4cksst\u00fccke k\u00f6nnen von der Mitnahme ausgeschlossen werden. Reisegep\u00e4ck wird nur nach Ma\u00dfgabe des verf\u00fcgbaren Laderaumes mitgenommen. Der Reisende hat selbst zu kontrollieren, dass seine Gep\u00e4ckst\u00fccke in das Fahrzeug verladen werden. Blaguss-Minibus-Service haftet nicht f\u00fcr Gep\u00e4cksst\u00fccke, die nach dem Ausladen aus dem Fahrzeug abhandenkommen. Genauso wird jede Haftung abgelehnt, wenn Gep\u00e4cksst\u00fccke \u00fcber Nacht im Fahrzeug bleiben oder vergessen wurden.<\/p>\n<p style=\"margin: 0px;\">F\u00fcr Verlust, Vertausch, Diebstahl oder Besch\u00e4digung des bef\u00f6rderten Reisegep\u00e4cks w\u00e4hrend des Transportes und\/oder bei Fahrtpausen haftet Blaguss-Minibus-Service au\u00dfer bei Vorsatz und\/oder grober Fahrl\u00e4ssigkeit nicht.<br \/>\nIm Haftungsfall tritt Ersatzpflicht durch Blaguss-Minibus-Service bis zur H\u00f6he des nachgewiesenen Schadens, h\u00f6chstens jedoch bis zur vereinbarte Haftungsh\u00f6chstgrenze von 55 Euro pro Gep\u00e4ckst\u00fcck, ein. Eine Haftung f\u00fcr mangelhaft verpacktes, besch\u00e4digtes oder unverschlossen abgeliefertes Reisegep\u00e4ck sowie f\u00fcr Geld- und Wertgegenst\u00e4nde besteht nicht.<\/p>\n<\/li>\n<li>\n<p style=\"margin: 0px;\">Wenn ein Fahrgast das Fahrzeug oder dessen Ausr\u00fcstungsgegenst\u00e4nde verunreinigt oder besch\u00e4digt, hat der Verursacher f\u00fcr die Reiniungs- bzw. Instandsetzungskosten, sowie den damit eventuell verbundenen Verdienstausfall durch Stehzeiten, aufzukommen.<\/p>\n<\/li>\n<li>\n<p style=\"margin: 0px;\">Verh\u00e4lt sich ein Fahrgast trotz Mahnung st\u00f6rend im Umgang mit dem Fahrer, dem Bus oder den anderen Fahrg\u00e4sten, kann Blaguss-Minibus-Service den Bef\u00f6rderungsvertrag fristlos k\u00fcndigen. Ein Anspruch auf R\u00fcckzahlung des Fahrpreises besteht in diesem Fall nicht.<\/p>\n<\/li>\n<li>Tiere, die ohne jede Gef\u00e4hrdung oder Bel\u00e4stigung von Fahrg\u00e4sten bef\u00f6rdert werden k\u00f6nnen, d\u00fcrfen mit Zustimmung des Lenkers oder Reiseleiters mitgef\u00fchrt werden.<\/li>\n<li>Der Lenker ist verpflichtet, w\u00e4hrend der Fahrdienstleistung die vorgeschriebenen Pausen einzuhalten.<\/li>\n<li>Bei R\u00fccktritt vom Vertrag durch den Auftraggeber hat dieser an Blaguss-Minibus-Service die bereits entstandenen Kosten, mindestens jedoch 20 Euro Bearbeitungsgeb\u00fchr, zu ersetzen. Zuz\u00fcglich werden, bei Vertragsr\u00fccktritt durch den Besteller,ab dem 21. Werktag vor dem bestellten Termin 10 %ab dem 14. Werktag vor dem bestellten Termin 40 %\n<p>ab dem 07. Werktag vor dem bestellten Termin 70 %<\/p>\n<p>des vereinbarten oder sich aus dem Auftrag ergebenden Entgeltes als Stornogeb\u00fchr verrechnet. Erfolgt die Absage am Tage des bestellten Termins oder an einem unmittelbar davorliegenden Sonn- oder Feiertag, so betr\u00e4gt die Stornogeb\u00fchr 90 % des vereinbarten Entgeltes.<\/li>\n<li>Wenn nicht ausdr\u00fccklich anders vereinbart, k\u00f6nnen Zahlungen mit schuldbefreiender Wirkung an Blaguss-Minibus-Service, oder aber direkt an den Lenker erfolgen.<\/li>\n<li>F\u00fcr Anspr\u00fcche wegen eines eventuellen Mangels der Bef\u00f6rderungsleistung, soweit sich dieser nicht auf die Verletzung von Leben, K\u00f6rper und Gesundheit sowie auf grobes Verschulden bezieht,\u00a0 betr\u00e4gt die Verj\u00e4hrungsfrist ein Jahr. Im \u00dcbrigen gelten die gesetzlichen Verj\u00e4hrungsfristen.<\/li>\n<li>Datenschutz\n<p style=\"margin: 0px;\">Wir m\u00f6chten an dieser Stelle auf unsere Datenschutzerkl\u00e4rung hinweisen. Diese k\u00f6nnen Sie unter\u00a0<a style=\"font-size: 1em; color: #000000;\" href=\"mailto:datenschutz-mbs@blaguss.com\">datenschutz-mbs@blaguss.com<\/a>\u00a0anfordern oder unter\u00a0<a style=\"font-size: 1em; color: #000000;\" href=\"http:\/\/www.blaguss-fahrtendienst.at\/datenschutz\" target=\"_blank\" rel=\"noopener\">www.blaguss-fahrtendienst.at\/datenschutz\u00a0<\/a>aufrufen.<\/p>\n<\/li>\n<li>Gerichtsstand ist Wien.<\/li>\n<\/ol>\n<\/div>\n<\/div>\n<\/div>\n<\/div>\n","protected":false},"excerpt":{"rendered":"Allgemeine Gesch\u00e4fts- und Bef\u00f6rderungsbedingungen der Blaguss-Minibus-Service GmbH Diese Allgemeinen Gesch\u00e4fts- und Bef\u00f6rderungsbedingungen betreffen Fahrten und Bef\u00f6rderungen von Personen mit Bussen der Blaguss-Minibus-Service GmbH. Die Preisvereinbarungen beziehen sich nur auf die festgehaltene Fahrtstrecke und die angegebene Fahrtdauer. \u00dcbersteigt die tats\u00e4chlich gefahrene Strecke \u2013 aus Gr\u00fcnden, die im Bereich des Bestellers oder der Fahrg\u00e4ste liegen, bzw. wenn&#8230; <a class=\"view-article\" href=\"https:\/\/blaguss-fahrtendienst.at\/tr\/sirket\/genel-calisma-kosullari\/\">View Article<\/a>","protected":false},"author":4,"featured_media":0,"parent":766,"menu_order":0,"comment_status":"closed","ping_status":"closed","template":"tpl-with-sidebar.php","meta":{"_acf_changed":false,"footnotes":""},"class_list":["post-773","page","type-page","status-publish","hentry"],"acf":[],"yoast_head":"<!-- This site is optimized with the Yoast SEO plugin v27.3 - https:\/\/yoast.com\/product\/yoast-seo-wordpress\/ -->\n<title>Genel \u00c7al\u0131\u015fma Ko\u015fullar\u0131 | Blaguss-Minibus-Service<\/title>\n<meta name=\"robots\" content=\"index, follow, max-snippet:-1, max-image-preview:large, max-video-preview:-1\" \/>\n<link rel=\"canonical\" href=\"https:\/\/blaguss-fahrtendienst.at\/tr\/sirket\/genel-calisma-kosullari\/\" \/>\n<meta property=\"og:locale\" content=\"tr_TR\" \/>\n<meta property=\"og:type\" content=\"article\" \/>\n<meta property=\"og:title\" content=\"Genel \u00c7al\u0131\u015fma Ko\u015fullar\u0131 | Blaguss-Minibus-Service\" \/>\n<meta property=\"og:description\" content=\"Allgemeine Gesch\u00e4fts- und Bef\u00f6rderungsbedingungen der Blaguss-Minibus-Service GmbH Diese Allgemeinen Gesch\u00e4fts- und Bef\u00f6rderungsbedingungen betreffen Fahrten und Bef\u00f6rderungen von Personen mit Bussen der Blaguss-Minibus-Service GmbH. Die Preisvereinbarungen beziehen sich nur auf die festgehaltene Fahrtstrecke und die angegebene Fahrtdauer. \u00dcbersteigt die tats\u00e4chlich gefahrene Strecke \u2013 aus Gr\u00fcnden, die im Bereich des Bestellers oder der Fahrg\u00e4ste liegen, bzw. wenn... View Article\" \/>\n<meta property=\"og:url\" content=\"https:\/\/blaguss-fahrtendienst.at\/tr\/sirket\/genel-calisma-kosullari\/\" \/>\n<meta property=\"og:site_name\" content=\"Blaguss-Minibus-Service\" \/>\n<meta property=\"article:publisher\" content=\"https:\/\/www.facebook.com\/BlagussGruppe\/\" \/>\n<meta property=\"article:modified_time\" content=\"2018-07-19T06:51:55+00:00\" \/>\n<meta name=\"twitter:card\" content=\"summary_large_image\" \/>\n<meta name=\"twitter:label1\" content=\"Tahmini okuma s\u00fcresi\" \/>\n\t<meta name=\"twitter:data1\" content=\"4 dakika\" \/>\n<script type=\"application\/ld+json\" class=\"yoast-schema-graph\">{\"@context\":\"https:\\\/\\\/schema.org\",\"@graph\":[{\"@type\":\"WebPage\",\"@id\":\"https:\\\/\\\/blaguss-fahrtendienst.at\\\/tr\\\/sirket\\\/genel-calisma-kosullari\\\/\",\"url\":\"https:\\\/\\\/blaguss-fahrtendienst.at\\\/tr\\\/sirket\\\/genel-calisma-kosullari\\\/\",\"name\":\"Genel \u00c7al\u0131\u015fma Ko\u015fullar\u0131 | Blaguss-Minibus-Service\",\"isPartOf\":{\"@id\":\"https:\\\/\\\/blaguss-fahrtendienst.at\\\/#website\"},\"datePublished\":\"2018-05-28T20:20:04+00:00\",\"dateModified\":\"2018-07-19T06:51:55+00:00\",\"breadcrumb\":{\"@id\":\"https:\\\/\\\/blaguss-fahrtendienst.at\\\/tr\\\/sirket\\\/genel-calisma-kosullari\\\/#breadcrumb\"},\"inLanguage\":\"tr\",\"potentialAction\":[{\"@type\":\"ReadAction\",\"target\":[\"https:\\\/\\\/blaguss-fahrtendienst.at\\\/tr\\\/sirket\\\/genel-calisma-kosullari\\\/\"]}]},{\"@type\":\"BreadcrumbList\",\"@id\":\"https:\\\/\\\/blaguss-fahrtendienst.at\\\/tr\\\/sirket\\\/genel-calisma-kosullari\\\/#breadcrumb\",\"itemListElement\":[{\"@type\":\"ListItem\",\"position\":1,\"name\":\"Home\",\"item\":\"https:\\\/\\\/blaguss-fahrtendienst.at\\\/tr\\\/startseite\\\/\"},{\"@type\":\"ListItem\",\"position\":2,\"name\":\"\u015eirket\",\"item\":\"https:\\\/\\\/blaguss-fahrtendienst.at\\\/tr\\\/sirket\\\/\"},{\"@type\":\"ListItem\",\"position\":3,\"name\":\"Genel \u00c7al\u0131\u015fma Ko\u015fullar\u0131\"}]},{\"@type\":\"WebSite\",\"@id\":\"https:\\\/\\\/blaguss-fahrtendienst.at\\\/#website\",\"url\":\"https:\\\/\\\/blaguss-fahrtendienst.at\\\/\",\"name\":\"Blaguss-Minibus-Service\",\"description\":\"Willkommen bei Blaguss-Minibus-Service GmbH - Ihrem Experten f\u00fcr barrierefreie Personenbef\u00f6rderung! \u2713 Laxenburgerstra\u00dfe 367 \\\/ Top 102, A-1230 Wien \u2713 Tel.: 43 (0)1 610 70-0 \u2713 E-Mail: fahrtendienst@blaguss.com\",\"publisher\":{\"@id\":\"https:\\\/\\\/blaguss-fahrtendienst.at\\\/#organization\"},\"potentialAction\":[{\"@type\":\"SearchAction\",\"target\":{\"@type\":\"EntryPoint\",\"urlTemplate\":\"https:\\\/\\\/blaguss-fahrtendienst.at\\\/?s={search_term_string}\"},\"query-input\":{\"@type\":\"PropertyValueSpecification\",\"valueRequired\":true,\"valueName\":\"search_term_string\"}}],\"inLanguage\":\"tr\"},{\"@type\":\"Organization\",\"@id\":\"https:\\\/\\\/blaguss-fahrtendienst.at\\\/#organization\",\"name\":\"Blaguss Minibus Service\",\"url\":\"https:\\\/\\\/blaguss-fahrtendienst.at\\\/\",\"logo\":{\"@type\":\"ImageObject\",\"inLanguage\":\"tr\",\"@id\":\"https:\\\/\\\/blaguss-fahrtendienst.at\\\/#\\\/schema\\\/logo\\\/image\\\/\",\"url\":\"https:\\\/\\\/blaguss-fahrtendienst-at.vm\\\/wp-content\\\/uploads\\\/2018\\\/05\\\/blaguss-minibus-service.png\",\"contentUrl\":\"https:\\\/\\\/blaguss-fahrtendienst-at.vm\\\/wp-content\\\/uploads\\\/2018\\\/05\\\/blaguss-minibus-service.png\",\"width\":281,\"height\":70,\"caption\":\"Blaguss Minibus Service\"},\"image\":{\"@id\":\"https:\\\/\\\/blaguss-fahrtendienst.at\\\/#\\\/schema\\\/logo\\\/image\\\/\"},\"sameAs\":[\"https:\\\/\\\/www.facebook.com\\\/BlagussGruppe\\\/\"]}]}<\/script>\n<!-- \/ Yoast SEO plugin. -->","yoast_head_json":{"title":"Genel \u00c7al\u0131\u015fma Ko\u015fullar\u0131 | Blaguss-Minibus-Service","robots":{"index":"index","follow":"follow","max-snippet":"max-snippet:-1","max-image-preview":"max-image-preview:large","max-video-preview":"max-video-preview:-1"},"canonical":"https:\/\/blaguss-fahrtendienst.at\/tr\/sirket\/genel-calisma-kosullari\/","og_locale":"tr_TR","og_type":"article","og_title":"Genel \u00c7al\u0131\u015fma Ko\u015fullar\u0131 | Blaguss-Minibus-Service","og_description":"Allgemeine Gesch\u00e4fts- und Bef\u00f6rderungsbedingungen der Blaguss-Minibus-Service GmbH Diese Allgemeinen Gesch\u00e4fts- und Bef\u00f6rderungsbedingungen betreffen Fahrten und Bef\u00f6rderungen von Personen mit Bussen der Blaguss-Minibus-Service GmbH. Die Preisvereinbarungen beziehen sich nur auf die festgehaltene Fahrtstrecke und die angegebene Fahrtdauer. \u00dcbersteigt die tats\u00e4chlich gefahrene Strecke \u2013 aus Gr\u00fcnden, die im Bereich des Bestellers oder der Fahrg\u00e4ste liegen, bzw. wenn... View Article","og_url":"https:\/\/blaguss-fahrtendienst.at\/tr\/sirket\/genel-calisma-kosullari\/","og_site_name":"Blaguss-Minibus-Service","article_publisher":"https:\/\/www.facebook.com\/BlagussGruppe\/","article_modified_time":"2018-07-19T06:51:55+00:00","twitter_card":"summary_large_image","twitter_misc":{"Tahmini okuma s\u00fcresi":"4 dakika"},"schema":{"@context":"https:\/\/schema.org","@graph":[{"@type":"WebPage","@id":"https:\/\/blaguss-fahrtendienst.at\/tr\/sirket\/genel-calisma-kosullari\/","url":"https:\/\/blaguss-fahrtendienst.at\/tr\/sirket\/genel-calisma-kosullari\/","name":"Genel \u00c7al\u0131\u015fma Ko\u015fullar\u0131 | Blaguss-Minibus-Service","isPartOf":{"@id":"https:\/\/blaguss-fahrtendienst.at\/#website"},"datePublished":"2018-05-28T20:20:04+00:00","dateModified":"2018-07-19T06:51:55+00:00","breadcrumb":{"@id":"https:\/\/blaguss-fahrtendienst.at\/tr\/sirket\/genel-calisma-kosullari\/#breadcrumb"},"inLanguage":"tr","potentialAction":[{"@type":"ReadAction","target":["https:\/\/blaguss-fahrtendienst.at\/tr\/sirket\/genel-calisma-kosullari\/"]}]},{"@type":"BreadcrumbList","@id":"https:\/\/blaguss-fahrtendienst.at\/tr\/sirket\/genel-calisma-kosullari\/#breadcrumb","itemListElement":[{"@type":"ListItem","position":1,"name":"Home","item":"https:\/\/blaguss-fahrtendienst.at\/tr\/startseite\/"},{"@type":"ListItem","position":2,"name":"\u015eirket","item":"https:\/\/blaguss-fahrtendienst.at\/tr\/sirket\/"},{"@type":"ListItem","position":3,"name":"Genel \u00c7al\u0131\u015fma Ko\u015fullar\u0131"}]},{"@type":"WebSite","@id":"https:\/\/blaguss-fahrtendienst.at\/#website","url":"https:\/\/blaguss-fahrtendienst.at\/","name":"Blaguss-Minibus-Service","description":"Willkommen bei Blaguss-Minibus-Service GmbH - Ihrem Experten f\u00fcr barrierefreie Personenbef\u00f6rderung! \u2713 Laxenburgerstra\u00dfe 367 \/ Top 102, A-1230 Wien \u2713 Tel.: 43 (0)1 610 70-0 \u2713 E-Mail: fahrtendienst@blaguss.com","publisher":{"@id":"https:\/\/blaguss-fahrtendienst.at\/#organization"},"potentialAction":[{"@type":"SearchAction","target":{"@type":"EntryPoint","urlTemplate":"https:\/\/blaguss-fahrtendienst.at\/?s={search_term_string}"},"query-input":{"@type":"PropertyValueSpecification","valueRequired":true,"valueName":"search_term_string"}}],"inLanguage":"tr"},{"@type":"Organization","@id":"https:\/\/blaguss-fahrtendienst.at\/#organization","name":"Blaguss Minibus Service","url":"https:\/\/blaguss-fahrtendienst.at\/","logo":{"@type":"ImageObject","inLanguage":"tr","@id":"https:\/\/blaguss-fahrtendienst.at\/#\/schema\/logo\/image\/","url":"https:\/\/blaguss-fahrtendienst-at.vm\/wp-content\/uploads\/2018\/05\/blaguss-minibus-service.png","contentUrl":"https:\/\/blaguss-fahrtendienst-at.vm\/wp-content\/uploads\/2018\/05\/blaguss-minibus-service.png","width":281,"height":70,"caption":"Blaguss Minibus Service"},"image":{"@id":"https:\/\/blaguss-fahrtendienst.at\/#\/schema\/logo\/image\/"},"sameAs":["https:\/\/www.facebook.com\/BlagussGruppe\/"]}]}},"_links":{"self":[{"href":"https:\/\/blaguss-fahrtendienst.at\/tr\/wp-json\/wp\/v2\/pages\/773","targetHints":{"allow":["GET"]}}],"collection":[{"href":"https:\/\/blaguss-fahrtendienst.at\/tr\/wp-json\/wp\/v2\/pages"}],"about":[{"href":"https:\/\/blaguss-fahrtendienst.at\/tr\/wp-json\/wp\/v2\/types\/page"}],"author":[{"embeddable":true,"href":"https:\/\/blaguss-fahrtendienst.at\/tr\/wp-json\/wp\/v2\/users\/4"}],"replies":[{"embeddable":true,"href":"https:\/\/blaguss-fahrtendienst.at\/tr\/wp-json\/wp\/v2\/comments?post=773"}],"version-history":[{"count":0,"href":"https:\/\/blaguss-fahrtendienst.at\/tr\/wp-json\/wp\/v2\/pages\/773\/revisions"}],"up":[{"embeddable":true,"href":"https:\/\/blaguss-fahrtendienst.at\/tr\/wp-json\/wp\/v2\/pages\/766"}],"wp:attachment":[{"href":"https:\/\/blaguss-fahrtendienst.at\/tr\/wp-json\/wp\/v2\/media?parent=773"}],"curies":[{"name":"wp","href":"https:\/\/api.w.org\/{rel}","templated":true}]}}